{"id":250,"date":"2022-11-11T14:14:27","date_gmt":"2022-11-11T14:14:27","guid":{"rendered":"https:\/\/www.solucionesidp.es\/?page_id=250"},"modified":"2023-02-06T18:53:38","modified_gmt":"2023-02-06T18:53:38","slug":"escaner","status":"publish","type":"page","link":"https:\/\/www.solucionesidp.es\/index.php\/escaner\/","title":{"rendered":"Esc\u00e1ner"},"content":{"rendered":"\t\t<div data-elementor-type=\"wp-page\" data-elementor-id=\"250\" class=\"elementor elementor-250\">\n\t\t\t\t\t\t\t\t\t<section class=\"elementor-section elementor-top-section elementor-element elementor-element-d9eca16 elementor-section-content-middle elementor-section-boxed elementor-section-height-default elementor-section-height-default\" data-id=\"d9eca16\" data-element_type=\"section\">\n\t\t\t\t\t\t<div class=\"elementor-container elementor-column-gap-no\">\n\t\t\t\t\t<div class=\"elementor-column elementor-col-100 elementor-top-column elementor-element elementor-element-3931e01\" data-id=\"3931e01\" data-element_type=\"column\">\n\t\t\t<div class=\"elementor-widget-wrap elementor-element-populated\">\n\t\t\t\t\t\t\t\t<div class=\"elementor-element elementor-element-051f29c elementor-widget elementor-widget-heading\" data-id=\"051f29c\" data-element_type=\"widget\" data-widget_type=\"heading.default\">\n\t\t\t\t<div class=\"elementor-widget-container\">\n\t\t\t<style>\/*! elementor - v3.17.0 - 08-11-2023 *\/\n.elementor-heading-title{padding:0;margin:0;line-height:1}.elementor-widget-heading .elementor-heading-title[class*=elementor-size-]>a{color:inherit;font-size:inherit;line-height:inherit}.elementor-widget-heading .elementor-heading-title.elementor-size-small{font-size:15px}.elementor-widget-heading .elementor-heading-title.elementor-size-medium{font-size:19px}.elementor-widget-heading .elementor-heading-title.elementor-size-large{font-size:29px}.elementor-widget-heading .elementor-heading-title.elementor-size-xl{font-size:39px}.elementor-widget-heading .elementor-heading-title.elementor-size-xxl{font-size:59px}<\/style><h2 class=\"elementor-heading-title elementor-size-default\">ESC\u00c1NER<\/h2>\t\t<\/div>\n\t\t\t\t<\/div>\n\t\t\t\t<div class=\"elementor-element elementor-element-e08119b elementor-widget elementor-widget-heading\" data-id=\"e08119b\" data-element_type=\"widget\" data-widget_type=\"heading.default\">\n\t\t\t\t<div class=\"elementor-widget-container\">\n\t\t\t<h5 class=\"elementor-heading-title elementor-size-default\">QU\u00c9 TIPO DE ESC\u00c1NERS OFRECEMOS<\/h5>\t\t<\/div>\n\t\t\t\t<\/div>\n\t\t\t\t<section class=\"elementor-section elementor-inner-section elementor-element elementor-element-d7f5566 elementor-section-content-top elementor-section-boxed elementor-section-height-default elementor-section-height-default\" data-id=\"d7f5566\" data-element_type=\"section\">\n\t\t\t\t\t\t<div class=\"elementor-container elementor-column-gap-no\">\n\t\t\t\t\t<div class=\"elementor-column elementor-col-100 elementor-inner-column elementor-element elementor-element-7caeb09\" data-id=\"7caeb09\" data-element_type=\"column\">\n\t\t\t<div class=\"elementor-widget-wrap elementor-element-populated\">\n\t\t\t\t\t\t\t\t<div class=\"elementor-element elementor-element-22a6451 elementor-widget elementor-widget-heading\" data-id=\"22a6451\" data-element_type=\"widget\" data-widget_type=\"heading.default\">\n\t\t\t\t<div class=\"elementor-widget-container\">\n\t\t\t<h4 class=\"elementor-heading-title elementor-size-default\">ESC\u00c1NER DE USO GENERAL<\/h4>\t\t<\/div>\n\t\t\t\t<\/div>\n\t\t\t\t<div class=\"elementor-element elementor-element-11eca29 elementor-widget elementor-widget-text-editor\" data-id=\"11eca29\" data-element_type=\"widget\" data-widget_type=\"text-editor.default\">\n\t\t\t\t<div class=\"elementor-widget-container\">\n\t\t\t<style>\/*! elementor - v3.17.0 - 08-11-2023 *\/\n.elementor-widget-text-editor.elementor-drop-cap-view-stacked .elementor-drop-cap{background-color:#69727d;color:#fff}.elementor-widget-text-editor.elementor-drop-cap-view-framed .elementor-drop-cap{color:#69727d;border:3px solid;background-color:transparent}.elementor-widget-text-editor:not(.elementor-drop-cap-view-default) .elementor-drop-cap{margin-top:8px}.elementor-widget-text-editor:not(.elementor-drop-cap-view-default) .elementor-drop-cap-letter{width:1em;height:1em}.elementor-widget-text-editor .elementor-drop-cap{float:left;text-align:center;line-height:1;font-size:50px}.elementor-widget-text-editor .elementor-drop-cap-letter{display:inline-block}<\/style>\t\t\t\t<p>Nuestros esc\u00e1neres de c\u00f3digos de barras de uso general est\u00e1n dise\u00f1ados para atender necesidades de escaneado, aplicaciones y presupuestos muy diversos.<\/p><p>Los esc\u00e1neres de c\u00f3digos de barras puedes optarlos con cable o bien inal\u00e1mbricos extremadamente resistentes que define el rendimiento de escaneado y su gran capacidad de gesti\u00f3n.<\/p>\t\t\t\t\t\t<\/div>\n\t\t\t\t<\/div>\n\t\t\t\t\t<\/div>\n\t\t<\/div>\n\t\t\t\t\t\t\t<\/div>\n\t\t<\/section>\n\t\t\t\t<div class=\"elementor-element elementor-element-885daf7 elementor-widget elementor-widget-image\" data-id=\"885daf7\" data-element_type=\"widget\" data-widget_type=\"image.default\">\n\t\t\t\t<div class=\"elementor-widget-container\">\n\t\t\t<style>\/*! elementor - v3.17.0 - 08-11-2023 *\/\n.elementor-widget-image{text-align:center}.elementor-widget-image a{display:inline-block}.elementor-widget-image a img[src$=\".svg\"]{width:48px}.elementor-widget-image img{vertical-align:middle;display:inline-block}<\/style>\t\t\t\t\t\t\t\t\t\t\t\t<img loading=\"lazy\" decoding=\"async\" width=\"300\" height=\"169\" src=\"https:\/\/www.solucionesidp.es\/wp-content\/uploads\/2023\/02\/Imagen.6-1-300x169.jpg\" class=\"attachment-medium size-medium wp-image-473\" alt=\"\" srcset=\"https:\/\/www.solucionesidp.es\/wp-content\/uploads\/2023\/02\/Imagen.6-1-300x169.jpg 300w, https:\/\/www.solucionesidp.es\/wp-content\/uploads\/2023\/02\/Imagen.6-1-768x432.jpg 768w, https:\/\/www.solucionesidp.es\/wp-content\/uploads\/2023\/02\/Imagen.6-1.jpg 800w\" sizes=\"auto, (max-width: 300px) 100vw, 300px\" \/>\t\t\t\t\t\t\t\t\t\t\t\t\t\t\t<\/div>\n\t\t\t\t<\/div>\n\t\t\t\t\t<\/div>\n\t\t<\/div>\n\t\t\t\t\t\t\t<\/div>\n\t\t<\/section>\n\t\t\t\t<section class=\"elementor-section elementor-top-section elementor-element elementor-element-9308377 elementor-section-content-middle elementor-section-boxed elementor-section-height-default elementor-section-height-default\" data-id=\"9308377\" data-element_type=\"section\">\n\t\t\t\t\t\t<div class=\"elementor-container elementor-column-gap-no\">\n\t\t\t\t\t<div class=\"elementor-column elementor-col-100 elementor-top-column elementor-element elementor-element-5bfadd5\" data-id=\"5bfadd5\" data-element_type=\"column\">\n\t\t\t<div class=\"elementor-widget-wrap elementor-element-populated\">\n\t\t\t\t\t\t\t\t<section class=\"elementor-section elementor-inner-section elementor-element elementor-element-e85dd62 elementor-section-content-top elementor-section-boxed elementor-section-height-default elementor-section-height-default\" data-id=\"e85dd62\" data-element_type=\"section\">\n\t\t\t\t\t\t<div class=\"elementor-container elementor-column-gap-no\">\n\t\t\t\t\t<div class=\"elementor-column elementor-col-100 elementor-inner-column elementor-element elementor-element-e2b5b97\" data-id=\"e2b5b97\" data-element_type=\"column\">\n\t\t\t<div class=\"elementor-widget-wrap elementor-element-populated\">\n\t\t\t\t\t\t\t\t<div class=\"elementor-element elementor-element-8e4e450 elementor-widget elementor-widget-heading\" data-id=\"8e4e450\" data-element_type=\"widget\" data-widget_type=\"heading.default\">\n\t\t\t\t<div class=\"elementor-widget-container\">\n\t\t\t<h4 class=\"elementor-heading-title elementor-size-default\">ESC\u00c1NER PARA MOSTRADOR<\/h4>\t\t<\/div>\n\t\t\t\t<\/div>\n\t\t\t\t<div class=\"elementor-element elementor-element-fe63dd2 elementor-widget elementor-widget-text-editor\" data-id=\"fe63dd2\" data-element_type=\"widget\" data-widget_type=\"text-editor.default\">\n\t\t\t\t<div class=\"elementor-widget-container\">\n\t\t\t\t\t\t\t<p>Gracias al generador de imagen 1D\/2D multiplano MP7000, podr\u00e1 proporcionar una experiencia excelente de paso por caja para los cajeros y los compradores en l\u00edneas de TPV de gran actividad tanto en cajas atendidas por personal como en cajas de autopago. Con la c\u00e1mara en color opcional, puede desarrollar nuevas e interesantes aplicaciones que ofrecen importantes ventajas empresariales.<\/p>\t\t\t\t\t\t<\/div>\n\t\t\t\t<\/div>\n\t\t\t\t\t<\/div>\n\t\t<\/div>\n\t\t\t\t\t\t\t<\/div>\n\t\t<\/section>\n\t\t\t\t<div class=\"elementor-element elementor-element-0f95e2f elementor-widget elementor-widget-image\" data-id=\"0f95e2f\" data-element_type=\"widget\" data-widget_type=\"image.default\">\n\t\t\t\t<div class=\"elementor-widget-container\">\n\t\t\t\t\t\t\t\t\t\t\t\t\t\t\t<img loading=\"lazy\" decoding=\"async\" width=\"300\" height=\"169\" src=\"https:\/\/www.solucionesidp.es\/wp-content\/uploads\/2023\/02\/Imagen.7-300x169.jpg\" class=\"attachment-medium size-medium wp-image-474\" alt=\"\" srcset=\"https:\/\/www.solucionesidp.es\/wp-content\/uploads\/2023\/02\/Imagen.7-300x169.jpg 300w, https:\/\/www.solucionesidp.es\/wp-content\/uploads\/2023\/02\/Imagen.7-768x432.jpg 768w, https:\/\/www.solucionesidp.es\/wp-content\/uploads\/2023\/02\/Imagen.7.jpg 800w\" sizes=\"auto, (max-width: 300px) 100vw, 300px\" \/>\t\t\t\t\t\t\t\t\t\t\t\t\t\t\t<\/div>\n\t\t\t\t<\/div>\n\t\t\t\t\t<\/div>\n\t\t<\/div>\n\t\t\t\t\t\t\t<\/div>\n\t\t<\/section>\n\t\t\t\t<section class=\"elementor-section elementor-top-section elementor-element elementor-element-028e7e1 elementor-section-content-middle elementor-section-boxed elementor-section-height-default elementor-section-height-default\" data-id=\"028e7e1\" data-element_type=\"section\">\n\t\t\t\t\t\t<div class=\"elementor-container elementor-column-gap-no\">\n\t\t\t\t\t<div class=\"elementor-column elementor-col-100 elementor-top-column elementor-element elementor-element-3be39ca\" data-id=\"3be39ca\" data-element_type=\"column\">\n\t\t\t<div class=\"elementor-widget-wrap elementor-element-populated\">\n\t\t\t\t\t\t\t\t<section class=\"elementor-section elementor-inner-section elementor-element elementor-element-f93d6f8 elementor-section-content-top elementor-section-boxed elementor-section-height-default elementor-section-height-default\" data-id=\"f93d6f8\" data-element_type=\"section\">\n\t\t\t\t\t\t<div class=\"elementor-container elementor-column-gap-no\">\n\t\t\t\t\t<div class=\"elementor-column elementor-col-100 elementor-inner-column elementor-element elementor-element-95c036a\" data-id=\"95c036a\" data-element_type=\"column\">\n\t\t\t<div class=\"elementor-widget-wrap elementor-element-populated\">\n\t\t\t\t\t\t\t\t<div class=\"elementor-element elementor-element-bc5701a elementor-widget elementor-widget-heading\" data-id=\"bc5701a\" data-element_type=\"widget\" data-widget_type=\"heading.default\">\n\t\t\t\t<div class=\"elementor-widget-container\">\n\t\t\t<h4 class=\"elementor-heading-title elementor-size-default\">ESC\u00c1NER FIJOS INDUSTRIALES<\/h4>\t\t<\/div>\n\t\t\t\t<\/div>\n\t\t\t\t<div class=\"elementor-element elementor-element-bd2db32 elementor-widget elementor-widget-text-editor\" data-id=\"bd2db32\" data-element_type=\"widget\" data-widget_type=\"text-editor.default\">\n\t\t\t\t<div class=\"elementor-widget-container\">\n\t\t\t\t\t\t\t<p>Los esc\u00e1neres fijos industriales ofrecen un rendimiento de descodificaci\u00f3n fiable para realizar un seguimiento autom\u00e1tico de los art\u00edculos desde la producci\u00f3n hasta la distribuci\u00f3n. Identifique cada pieza y paquete con un modelo para cada aplicaci\u00f3n y las caracter\u00edsticas actualizables le permiten satisfacer las necesidades cambiantes de su negocio.<\/p>\t\t\t\t\t\t<\/div>\n\t\t\t\t<\/div>\n\t\t\t\t\t<\/div>\n\t\t<\/div>\n\t\t\t\t\t\t\t<\/div>\n\t\t<\/section>\n\t\t\t\t<div class=\"elementor-element elementor-element-73cc7ce elementor-widget elementor-widget-image\" data-id=\"73cc7ce\" data-element_type=\"widget\" data-widget_type=\"image.default\">\n\t\t\t\t<div class=\"elementor-widget-container\">\n\t\t\t\t\t\t\t\t\t\t\t\t\t\t\t<img loading=\"lazy\" decoding=\"async\" width=\"300\" height=\"169\" src=\"https:\/\/www.solucionesidp.es\/wp-content\/uploads\/2023\/02\/Imagen.9-300x169.jpg\" class=\"attachment-medium size-medium wp-image-476\" alt=\"\" srcset=\"https:\/\/www.solucionesidp.es\/wp-content\/uploads\/2023\/02\/Imagen.9-300x169.jpg 300w, https:\/\/www.solucionesidp.es\/wp-content\/uploads\/2023\/02\/Imagen.9-768x432.jpg 768w, https:\/\/www.solucionesidp.es\/wp-content\/uploads\/2023\/02\/Imagen.9.jpg 800w\" sizes=\"auto, (max-width: 300px) 100vw, 300px\" \/>\t\t\t\t\t\t\t\t\t\t\t\t\t\t\t<\/div>\n\t\t\t\t<\/div>\n\t\t\t\t\t<\/div>\n\t\t<\/div>\n\t\t\t\t\t\t\t<\/div>\n\t\t<\/section>\n\t\t\t\t<section class=\"elementor-section elementor-top-section elementor-element elementor-element-c2730a0 elementor-section-content-middle elementor-section-boxed elementor-section-height-default elementor-section-height-default\" data-id=\"c2730a0\" data-element_type=\"section\">\n\t\t\t\t\t\t<div class=\"elementor-container elementor-column-gap-no\">\n\t\t\t\t\t<div class=\"elementor-column elementor-col-100 elementor-top-column elementor-element elementor-element-afcaa2e\" data-id=\"afcaa2e\" data-element_type=\"column\">\n\t\t\t<div class=\"elementor-widget-wrap elementor-element-populated\">\n\t\t\t\t\t\t\t\t<section class=\"elementor-section elementor-inner-section elementor-element elementor-element-e566051 elementor-section-content-top elementor-section-boxed elementor-section-height-default elementor-section-height-default\" data-id=\"e566051\" data-element_type=\"section\">\n\t\t\t\t\t\t<div class=\"elementor-container elementor-column-gap-no\">\n\t\t\t\t\t<div class=\"elementor-column elementor-col-100 elementor-inner-column elementor-element elementor-element-a12b7d9\" data-id=\"a12b7d9\" data-element_type=\"column\">\n\t\t\t<div class=\"elementor-widget-wrap elementor-element-populated\">\n\t\t\t\t\t\t\t\t<div class=\"elementor-element elementor-element-b092a4e elementor-widget elementor-widget-heading\" data-id=\"b092a4e\" data-element_type=\"widget\" data-widget_type=\"heading.default\">\n\t\t\t\t<div class=\"elementor-widget-container\">\n\t\t\t<h4 class=\"elementor-heading-title elementor-size-default\">TERMINALES M\u00d3VILES<\/h4>\t\t<\/div>\n\t\t\t\t<\/div>\n\t\t\t\t<div class=\"elementor-element elementor-element-f38bddc elementor-widget elementor-widget-text-editor\" data-id=\"f38bddc\" data-element_type=\"widget\" data-widget_type=\"text-editor.default\">\n\t\t\t\t<div class=\"elementor-widget-container\">\n\t\t\t\t\t\t\t<p>Un dispositivo que re\u00fane la sencillez de un esc\u00e1ner con la capacidad de proceso de un ordenador m\u00f3vil y un factor de forma ultraergon\u00f3mico tipo pistola.\u00a0<\/p><p>Este terminal m\u00f3vil asequible y f\u00e1cil de usar presenta un exclusivo dise\u00f1o h\u00edbrido que le permite funcionar como esc\u00e1ner y como ordenador m\u00f3vil.<\/p>\t\t\t\t\t\t<\/div>\n\t\t\t\t<\/div>\n\t\t\t\t\t<\/div>\n\t\t<\/div>\n\t\t\t\t\t\t\t<\/div>\n\t\t<\/section>\n\t\t\t\t<div class=\"elementor-element elementor-element-e4b8e74 elementor-widget elementor-widget-image\" data-id=\"e4b8e74\" data-element_type=\"widget\" data-widget_type=\"image.default\">\n\t\t\t\t<div class=\"elementor-widget-container\">\n\t\t\t\t\t\t\t\t\t\t\t\t\t\t\t<img loading=\"lazy\" decoding=\"async\" width=\"300\" height=\"169\" src=\"https:\/\/www.solucionesidp.es\/wp-content\/uploads\/2023\/02\/Imagen.8-300x169.jpg\" class=\"attachment-medium size-medium wp-image-475\" alt=\"\" srcset=\"https:\/\/www.solucionesidp.es\/wp-content\/uploads\/2023\/02\/Imagen.8-300x169.jpg 300w, https:\/\/www.solucionesidp.es\/wp-content\/uploads\/2023\/02\/Imagen.8-768x432.jpg 768w, https:\/\/www.solucionesidp.es\/wp-content\/uploads\/2023\/02\/Imagen.8.jpg 800w\" sizes=\"auto, (max-width: 300px) 100vw, 300px\" \/>\t\t\t\t\t\t\t\t\t\t\t\t\t\t\t<\/div>\n\t\t\t\t<\/div>\n\t\t\t\t\t<\/div>\n\t\t<\/div>\n\t\t\t\t\t\t\t<\/div>\n\t\t<\/section>\n\t\t\t\t\t\t\t<\/div>\n\t\t","protected":false},"excerpt":{"rendered":"<p>ESC\u00c1NER QU\u00c9 TIPO DE ESC\u00c1NERS OFRECEMOS ESC\u00c1NER DE USO GENERAL Nuestros esc\u00e1neres de c\u00f3digos de barras de uso general est\u00e1n dise\u00f1ados para atender necesidades de escaneado, aplicaciones y presupuestos muy diversos. Los esc\u00e1neres de c\u00f3digos de barras puedes optarlos con cable o bien inal\u00e1mbricos extremadamente resistentes que define el rendimiento de escaneado y su gran [&hellip;]<\/p>\n","protected":false},"author":1,"featured_media":0,"parent":0,"menu_order":0,"comment_status":"closed","ping_status":"closed","template":"","meta":{"_coblocks_attr":"","_coblocks_dimensions":"","_coblocks_responsive_height":"","_coblocks_accordion_ie_support":"","footnotes":""},"class_list":["post-250","page","type-page","status-publish","hentry"],"_links":{"self":[{"href":"https:\/\/www.solucionesidp.es\/index.php\/wp-json\/wp\/v2\/pages\/250","targetHints":{"allow":["GET"]}}],"collection":[{"href":"https:\/\/www.solucionesidp.es\/index.php\/wp-json\/wp\/v2\/pages"}],"about":[{"href":"https:\/\/www.solucionesidp.es\/index.php\/wp-json\/wp\/v2\/types\/page"}],"author":[{"embeddable":true,"href":"https:\/\/www.solucionesidp.es\/index.php\/wp-json\/wp\/v2\/users\/1"}],"replies":[{"embeddable":true,"href":"https:\/\/www.solucionesidp.es\/index.php\/wp-json\/wp\/v2\/comments?post=250"}],"version-history":[{"count":8,"href":"https:\/\/www.solucionesidp.es\/index.php\/wp-json\/wp\/v2\/pages\/250\/revisions"}],"predecessor-version":[{"id":517,"href":"https:\/\/www.solucionesidp.es\/index.php\/wp-json\/wp\/v2\/pages\/250\/revisions\/517"}],"wp:attachment":[{"href":"https:\/\/www.solucionesidp.es\/index.php\/wp-json\/wp\/v2\/media?parent=250"}],"curies":[{"name":"wp","href":"https:\/\/api.w.org\/{rel}","templated":true}]}}