{"id":247,"date":"2022-11-11T14:14:27","date_gmt":"2022-11-11T14:14:27","guid":{"rendered":"https:\/\/www.solucionesidp.es\/?page_id=247"},"modified":"2023-01-20T11:50:42","modified_gmt":"2023-01-20T11:50:42","slug":"por-sector","status":"publish","type":"page","link":"https:\/\/www.solucionesidp.es\/index.php\/por-sector\/","title":{"rendered":"Por Sector."},"content":{"rendered":"\t\t<div data-elementor-type=\"wp-page\" data-elementor-id=\"247\" class=\"elementor elementor-247\">\n\t\t\t\t\t\t\t\t\t<section class=\"elementor-section elementor-top-section elementor-element elementor-element-5f0235a elementor-section-boxed elementor-section-height-default elementor-section-height-default\" data-id=\"5f0235a\" data-element_type=\"section\">\n\t\t\t\t\t\t<div class=\"elementor-container elementor-column-gap-default\">\n\t\t\t\t\t<div class=\"elementor-column elementor-col-33 elementor-top-column elementor-element elementor-element-828f83c\" data-id=\"828f83c\" data-element_type=\"column\">\n\t\t\t<div class=\"elementor-widget-wrap elementor-element-populated\">\n\t\t\t\t\t\t\t\t<div class=\"elementor-element elementor-element-2edd6fa elementor-widget elementor-widget-image\" data-id=\"2edd6fa\" data-element_type=\"widget\" data-widget_type=\"image.default\">\n\t\t\t\t<div class=\"elementor-widget-container\">\n\t\t\t<style>\/*! elementor - v3.17.0 - 08-11-2023 *\/\n.elementor-widget-image{text-align:center}.elementor-widget-image a{display:inline-block}.elementor-widget-image a img[src$=\".svg\"]{width:48px}.elementor-widget-image img{vertical-align:middle;display:inline-block}<\/style>\t\t\t\t\t\t\t\t\t\t\t\t<img loading=\"lazy\" decoding=\"async\" width=\"900\" height=\"600\" src=\"https:\/\/www.solucionesidp.es\/wp-content\/uploads\/2023\/01\/Imagen-6.jpg\" class=\"attachment-large size-large wp-image-427\" alt=\"\" srcset=\"https:\/\/www.solucionesidp.es\/wp-content\/uploads\/2023\/01\/Imagen-6.jpg 900w, https:\/\/www.solucionesidp.es\/wp-content\/uploads\/2023\/01\/Imagen-6-300x200.jpg 300w, https:\/\/www.solucionesidp.es\/wp-content\/uploads\/2023\/01\/Imagen-6-768x512.jpg 768w\" sizes=\"auto, (max-width: 900px) 100vw, 900px\" \/>\t\t\t\t\t\t\t\t\t\t\t\t\t\t\t<\/div>\n\t\t\t\t<\/div>\n\t\t\t\t\t<\/div>\n\t\t<\/div>\n\t\t\t\t<div class=\"elementor-column elementor-col-33 elementor-top-column elementor-element elementor-element-b5948af\" data-id=\"b5948af\" data-element_type=\"column\">\n\t\t\t<div class=\"elementor-widget-wrap elementor-element-populated\">\n\t\t\t\t\t\t\t\t<div class=\"elementor-element elementor-element-87601bd elementor-widget elementor-widget-image\" data-id=\"87601bd\" data-element_type=\"widget\" data-widget_type=\"image.default\">\n\t\t\t\t<div class=\"elementor-widget-container\">\n\t\t\t\t\t\t\t\t\t\t\t\t\t\t\t<img loading=\"lazy\" decoding=\"async\" width=\"900\" height=\"600\" src=\"https:\/\/www.solucionesidp.es\/wp-content\/uploads\/2023\/01\/Imagen-8.jpg\" class=\"attachment-large size-large wp-image-426\" alt=\"\" srcset=\"https:\/\/www.solucionesidp.es\/wp-content\/uploads\/2023\/01\/Imagen-8.jpg 900w, https:\/\/www.solucionesidp.es\/wp-content\/uploads\/2023\/01\/Imagen-8-300x200.jpg 300w, https:\/\/www.solucionesidp.es\/wp-content\/uploads\/2023\/01\/Imagen-8-768x512.jpg 768w\" sizes=\"auto, (max-width: 900px) 100vw, 900px\" \/>\t\t\t\t\t\t\t\t\t\t\t\t\t\t\t<\/div>\n\t\t\t\t<\/div>\n\t\t\t\t\t<\/div>\n\t\t<\/div>\n\t\t\t\t<div class=\"elementor-column elementor-col-33 elementor-top-column elementor-element elementor-element-da5feac\" data-id=\"da5feac\" data-element_type=\"column\">\n\t\t\t<div class=\"elementor-widget-wrap elementor-element-populated\">\n\t\t\t\t\t\t\t\t<div class=\"elementor-element elementor-element-ca4ffc2 elementor-widget elementor-widget-image\" data-id=\"ca4ffc2\" data-element_type=\"widget\" data-widget_type=\"image.default\">\n\t\t\t\t<div class=\"elementor-widget-container\">\n\t\t\t\t\t\t\t\t\t\t\t\t\t\t\t<img loading=\"lazy\" decoding=\"async\" width=\"900\" height=\"600\" src=\"https:\/\/www.solucionesidp.es\/wp-content\/uploads\/2023\/01\/Imagen-9.jpg\" class=\"attachment-large size-large wp-image-425\" alt=\"\" srcset=\"https:\/\/www.solucionesidp.es\/wp-content\/uploads\/2023\/01\/Imagen-9.jpg 900w, https:\/\/www.solucionesidp.es\/wp-content\/uploads\/2023\/01\/Imagen-9-300x200.jpg 300w, https:\/\/www.solucionesidp.es\/wp-content\/uploads\/2023\/01\/Imagen-9-768x512.jpg 768w\" sizes=\"auto, (max-width: 900px) 100vw, 900px\" \/>\t\t\t\t\t\t\t\t\t\t\t\t\t\t\t<\/div>\n\t\t\t\t<\/div>\n\t\t\t\t\t<\/div>\n\t\t<\/div>\n\t\t\t\t\t\t\t<\/div>\n\t\t<\/section>\n\t\t\t\t<section class=\"elementor-section elementor-top-section elementor-element elementor-element-95c2ba9 elementor-section-boxed elementor-section-height-default elementor-section-height-default\" data-id=\"95c2ba9\" data-element_type=\"section\">\n\t\t\t\t\t\t<div class=\"elementor-container elementor-column-gap-default\">\n\t\t\t\t\t<div class=\"elementor-column elementor-col-100 elementor-top-column elementor-element elementor-element-3b7ce15\" data-id=\"3b7ce15\" data-element_type=\"column\">\n\t\t\t<div class=\"elementor-widget-wrap elementor-element-populated\">\n\t\t\t\t\t\t\t\t<div class=\"elementor-element elementor-element-a2af458 elementor-widget elementor-widget-text-editor\" data-id=\"a2af458\" data-element_type=\"widget\" data-widget_type=\"text-editor.default\">\n\t\t\t\t<div class=\"elementor-widget-container\">\n\t\t\t<style>\/*! elementor - v3.17.0 - 08-11-2023 *\/\n.elementor-widget-text-editor.elementor-drop-cap-view-stacked .elementor-drop-cap{background-color:#69727d;color:#fff}.elementor-widget-text-editor.elementor-drop-cap-view-framed .elementor-drop-cap{color:#69727d;border:3px solid;background-color:transparent}.elementor-widget-text-editor:not(.elementor-drop-cap-view-default) .elementor-drop-cap{margin-top:8px}.elementor-widget-text-editor:not(.elementor-drop-cap-view-default) .elementor-drop-cap-letter{width:1em;height:1em}.elementor-widget-text-editor .elementor-drop-cap{float:left;text-align:center;line-height:1;font-size:50px}.elementor-widget-text-editor .elementor-drop-cap-letter{display:inline-block}<\/style>\t\t\t\t<p>A lo largo de los \u00faltimos a\u00f1os las compras online y las tiendas f\u00edsicas se han difuminado y los clientes exigen un compromiso y permanecer a nivel tecnol\u00f3gico con las \u00faltimas novedades. Potencie e incremente el rendimiento de su negocio para dar al cliente todo aquello que nos exigen cada d\u00eda m\u00e1s.<\/p><p>Ayudamos a los fabricantes a que tengan \u00e9xito, al conectarlos con la inteligencia de informaci\u00f3n en tiempo real que ellos necesitan para que ahorren segundos, sin defectos y trabajen de manera m\u00e1s segura.<\/p>\t\t\t\t\t\t<\/div>\n\t\t\t\t<\/div>\n\t\t\t\t\t<\/div>\n\t\t<\/div>\n\t\t\t\t\t\t\t<\/div>\n\t\t<\/section>\n\t\t\t\t<section class=\"elementor-section elementor-top-section elementor-element elementor-element-7271bf1 elementor-section-boxed elementor-section-height-default elementor-section-height-default\" data-id=\"7271bf1\" data-element_type=\"section\">\n\t\t\t\t\t\t<div class=\"elementor-container elementor-column-gap-default\">\n\t\t\t\t\t<div class=\"elementor-column elementor-col-25 elementor-top-column elementor-element elementor-element-0882bf7\" data-id=\"0882bf7\" data-element_type=\"column\">\n\t\t\t<div class=\"elementor-widget-wrap elementor-element-populated\">\n\t\t\t\t\t\t\t\t<div class=\"elementor-element elementor-element-20afd93 elementor-position-top elementor-widget elementor-widget-image-box\" data-id=\"20afd93\" data-element_type=\"widget\" data-widget_type=\"image-box.default\">\n\t\t\t\t<div class=\"elementor-widget-container\">\n\t\t\t<style>\/*! elementor - v3.17.0 - 08-11-2023 *\/\n.elementor-widget-image-box .elementor-image-box-content{width:100%}@media (min-width:768px){.elementor-widget-image-box.elementor-position-left .elementor-image-box-wrapper,.elementor-widget-image-box.elementor-position-right .elementor-image-box-wrapper{display:flex}.elementor-widget-image-box.elementor-position-right .elementor-image-box-wrapper{text-align:right;flex-direction:row-reverse}.elementor-widget-image-box.elementor-position-left .elementor-image-box-wrapper{text-align:left;flex-direction:row}.elementor-widget-image-box.elementor-position-top .elementor-image-box-img{margin:auto}.elementor-widget-image-box.elementor-vertical-align-top .elementor-image-box-wrapper{align-items:flex-start}.elementor-widget-image-box.elementor-vertical-align-middle .elementor-image-box-wrapper{align-items:center}.elementor-widget-image-box.elementor-vertical-align-bottom .elementor-image-box-wrapper{align-items:flex-end}}@media (max-width:767px){.elementor-widget-image-box .elementor-image-box-img{margin-left:auto!important;margin-right:auto!important;margin-bottom:15px}}.elementor-widget-image-box .elementor-image-box-img{display:inline-block}.elementor-widget-image-box .elementor-image-box-title a{color:inherit}.elementor-widget-image-box .elementor-image-box-wrapper{text-align:center}.elementor-widget-image-box .elementor-image-box-description{margin:0}<\/style><div class=\"elementor-image-box-wrapper\"><figure class=\"elementor-image-box-img\"><img loading=\"lazy\" decoding=\"async\" width=\"900\" height=\"600\" src=\"https:\/\/www.solucionesidp.es\/wp-content\/uploads\/2023\/01\/Imagen-7.jpg\" class=\"attachment-full size-full wp-image-428\" alt=\"\" srcset=\"https:\/\/www.solucionesidp.es\/wp-content\/uploads\/2023\/01\/Imagen-7.jpg 900w, https:\/\/www.solucionesidp.es\/wp-content\/uploads\/2023\/01\/Imagen-7-300x200.jpg 300w, https:\/\/www.solucionesidp.es\/wp-content\/uploads\/2023\/01\/Imagen-7-768x512.jpg 768w\" sizes=\"auto, (max-width: 900px) 100vw, 900px\" \/><\/figure><div class=\"elementor-image-box-content\"><h2 class=\"elementor-image-box-title\">Almac\u00e9n\/Distribuci\u00f3n<\/h2><\/div><\/div>\t\t<\/div>\n\t\t\t\t<\/div>\n\t\t\t\t\t<\/div>\n\t\t<\/div>\n\t\t\t\t<div class=\"elementor-column elementor-col-25 elementor-top-column elementor-element elementor-element-975516f\" data-id=\"975516f\" data-element_type=\"column\">\n\t\t\t<div class=\"elementor-widget-wrap elementor-element-populated\">\n\t\t\t\t\t\t\t\t<div class=\"elementor-element elementor-element-2edd9cf elementor-position-top elementor-widget elementor-widget-image-box\" data-id=\"2edd9cf\" data-element_type=\"widget\" data-widget_type=\"image-box.default\">\n\t\t\t\t<div class=\"elementor-widget-container\">\n\t\t\t<div class=\"elementor-image-box-wrapper\"><figure class=\"elementor-image-box-img\"><img loading=\"lazy\" decoding=\"async\" width=\"900\" height=\"600\" src=\"https:\/\/www.solucionesidp.es\/wp-content\/uploads\/2023\/01\/Imagen-10-1.jpg\" class=\"attachment-full size-full wp-image-430\" alt=\"\" srcset=\"https:\/\/www.solucionesidp.es\/wp-content\/uploads\/2023\/01\/Imagen-10-1.jpg 900w, https:\/\/www.solucionesidp.es\/wp-content\/uploads\/2023\/01\/Imagen-10-1-300x200.jpg 300w, https:\/\/www.solucionesidp.es\/wp-content\/uploads\/2023\/01\/Imagen-10-1-768x512.jpg 768w\" sizes=\"auto, (max-width: 900px) 100vw, 900px\" \/><\/figure><div class=\"elementor-image-box-content\"><h2 class=\"elementor-image-box-title\">Sanitario<\/h2><\/div><\/div>\t\t<\/div>\n\t\t\t\t<\/div>\n\t\t\t\t\t<\/div>\n\t\t<\/div>\n\t\t\t\t<div class=\"elementor-column elementor-col-25 elementor-top-column elementor-element elementor-element-61438e3\" data-id=\"61438e3\" data-element_type=\"column\">\n\t\t\t<div class=\"elementor-widget-wrap elementor-element-populated\">\n\t\t\t\t\t\t\t\t<div class=\"elementor-element elementor-element-ea9a68f elementor-position-top elementor-widget elementor-widget-image-box\" data-id=\"ea9a68f\" data-element_type=\"widget\" data-widget_type=\"image-box.default\">\n\t\t\t\t<div class=\"elementor-widget-container\">\n\t\t\t<div class=\"elementor-image-box-wrapper\"><figure class=\"elementor-image-box-img\"><img loading=\"lazy\" decoding=\"async\" width=\"900\" height=\"600\" src=\"https:\/\/www.solucionesidp.es\/wp-content\/uploads\/2023\/01\/Imagen-12.jpg\" class=\"attachment-full size-full wp-image-431\" alt=\"\" srcset=\"https:\/\/www.solucionesidp.es\/wp-content\/uploads\/2023\/01\/Imagen-12.jpg 900w, https:\/\/www.solucionesidp.es\/wp-content\/uploads\/2023\/01\/Imagen-12-300x200.jpg 300w, https:\/\/www.solucionesidp.es\/wp-content\/uploads\/2023\/01\/Imagen-12-768x512.jpg 768w\" sizes=\"auto, (max-width: 900px) 100vw, 900px\" \/><\/figure><div class=\"elementor-image-box-content\"><h2 class=\"elementor-image-box-title\">Retail<\/h2><\/div><\/div>\t\t<\/div>\n\t\t\t\t<\/div>\n\t\t\t\t\t<\/div>\n\t\t<\/div>\n\t\t\t\t<div class=\"elementor-column elementor-col-25 elementor-top-column elementor-element elementor-element-1c2cf46\" data-id=\"1c2cf46\" data-element_type=\"column\">\n\t\t\t<div class=\"elementor-widget-wrap elementor-element-populated\">\n\t\t\t\t\t\t\t\t<div class=\"elementor-element elementor-element-700e143 elementor-position-top elementor-widget elementor-widget-image-box\" data-id=\"700e143\" data-element_type=\"widget\" data-widget_type=\"image-box.default\">\n\t\t\t\t<div class=\"elementor-widget-container\">\n\t\t\t<div class=\"elementor-image-box-wrapper\"><figure class=\"elementor-image-box-img\"><img loading=\"lazy\" decoding=\"async\" width=\"900\" height=\"600\" src=\"https:\/\/www.solucionesidp.es\/wp-content\/uploads\/2023\/01\/Imagen-11-1.jpg\" class=\"attachment-full size-full wp-image-433\" alt=\"\" srcset=\"https:\/\/www.solucionesidp.es\/wp-content\/uploads\/2023\/01\/Imagen-11-1.jpg 900w, https:\/\/www.solucionesidp.es\/wp-content\/uploads\/2023\/01\/Imagen-11-1-300x200.jpg 300w, https:\/\/www.solucionesidp.es\/wp-content\/uploads\/2023\/01\/Imagen-11-1-768x512.jpg 768w\" sizes=\"auto, (max-width: 900px) 100vw, 900px\" \/><\/figure><div class=\"elementor-image-box-content\"><h2 class=\"elementor-image-box-title\">Transporte\/Log\u00edstica<\/h2><\/div><\/div>\t\t<\/div>\n\t\t\t\t<\/div>\n\t\t\t\t\t<\/div>\n\t\t<\/div>\n\t\t\t\t\t\t\t<\/div>\n\t\t<\/section>\n\t\t\t\t<section class=\"elementor-section elementor-top-section elementor-element elementor-element-bbe330e elementor-section-boxed elementor-section-height-default elementor-section-height-default\" data-id=\"bbe330e\" data-element_type=\"section\">\n\t\t\t\t\t\t<div class=\"elementor-container elementor-column-gap-default\">\n\t\t\t\t\t<div class=\"elementor-column elementor-col-100 elementor-top-column elementor-element elementor-element-c31ea57\" data-id=\"c31ea57\" data-element_type=\"column\">\n\t\t\t<div class=\"elementor-widget-wrap elementor-element-populated\">\n\t\t\t\t\t\t\t\t<div class=\"elementor-element elementor-element-db56a98 elementor-widget elementor-widget-text-editor\" data-id=\"db56a98\" data-element_type=\"widget\" data-widget_type=\"text-editor.default\">\n\t\t\t\t<div class=\"elementor-widget-container\">\n\t\t\t\t\t\t\t<p>Proporcione a su empresa una estrategia de movilidad que le ayude a abordar los desaf\u00edos \u00fanicos en el campo de hoy, al tiempo que brinda a sus trabajadores sobre el terreno las herramientas que necesitan para desempe\u00f1ar sus tareas de forma puntual y sin perder la concentraci\u00f3n. Rod\u00e9elos de un ecosistema de asistencia que les permite trabajar sin verse afectados por los imprevistos y brindar resultados sin precedentes.<\/p>\t\t\t\t\t\t<\/div>\n\t\t\t\t<\/div>\n\t\t\t\t\t<\/div>\n\t\t<\/div>\n\t\t\t\t\t\t\t<\/div>\n\t\t<\/section>\n\t\t\t\t<section class=\"elementor-section elementor-top-section elementor-element elementor-element-b53e908 elementor-section-boxed elementor-section-height-default elementor-section-height-default\" data-id=\"b53e908\" data-element_type=\"section\">\n\t\t\t\t\t\t<div class=\"elementor-container elementor-column-gap-default\">\n\t\t\t\t\t<div class=\"elementor-column elementor-col-33 elementor-top-column elementor-element elementor-element-dcd3488\" data-id=\"dcd3488\" data-element_type=\"column\">\n\t\t\t<div class=\"elementor-widget-wrap elementor-element-populated\">\n\t\t\t\t\t\t\t\t<div class=\"elementor-element elementor-element-ae48657 elementor-widget elementor-widget-heading\" data-id=\"ae48657\" data-element_type=\"widget\" data-widget_type=\"heading.default\">\n\t\t\t\t<div class=\"elementor-widget-container\">\n\t\t\t<style>\/*! elementor - v3.17.0 - 08-11-2023 *\/\n.elementor-heading-title{padding:0;margin:0;line-height:1}.elementor-widget-heading .elementor-heading-title[class*=elementor-size-]>a{color:inherit;font-size:inherit;line-height:inherit}.elementor-widget-heading .elementor-heading-title.elementor-size-small{font-size:15px}.elementor-widget-heading .elementor-heading-title.elementor-size-medium{font-size:19px}.elementor-widget-heading .elementor-heading-title.elementor-size-large{font-size:29px}.elementor-widget-heading .elementor-heading-title.elementor-size-xl{font-size:39px}.elementor-widget-heading .elementor-heading-title.elementor-size-xxl{font-size:59px}<\/style><h2 class=\"elementor-heading-title elementor-size-default\">TECNOLOG\u00cdA<\/h2>\t\t<\/div>\n\t\t\t\t<\/div>\n\t\t\t\t\t<\/div>\n\t\t<\/div>\n\t\t\t\t<div class=\"elementor-column elementor-col-33 elementor-top-column elementor-element elementor-element-8f0d353\" data-id=\"8f0d353\" data-element_type=\"column\">\n\t\t\t<div class=\"elementor-widget-wrap elementor-element-populated\">\n\t\t\t\t\t\t\t\t<div class=\"elementor-element elementor-element-f386574 elementor-widget elementor-widget-heading\" data-id=\"f386574\" data-element_type=\"widget\" data-widget_type=\"heading.default\">\n\t\t\t\t<div class=\"elementor-widget-container\">\n\t\t\t<h2 class=\"elementor-heading-title elementor-size-default\">INNOVACI\u00d3N<\/h2>\t\t<\/div>\n\t\t\t\t<\/div>\n\t\t\t\t\t<\/div>\n\t\t<\/div>\n\t\t\t\t<div class=\"elementor-column elementor-col-33 elementor-top-column elementor-element elementor-element-581af8c\" data-id=\"581af8c\" data-element_type=\"column\">\n\t\t\t<div class=\"elementor-widget-wrap elementor-element-populated\">\n\t\t\t\t\t\t\t\t<div class=\"elementor-element elementor-element-f21ce7c elementor-widget elementor-widget-heading\" data-id=\"f21ce7c\" data-element_type=\"widget\" data-widget_type=\"heading.default\">\n\t\t\t\t<div class=\"elementor-widget-container\">\n\t\t\t<h2 class=\"elementor-heading-title elementor-size-default\">ECOSISTEMA<\/h2>\t\t<\/div>\n\t\t\t\t<\/div>\n\t\t\t\t\t<\/div>\n\t\t<\/div>\n\t\t\t\t\t\t\t<\/div>\n\t\t<\/section>\n\t\t\t\t\t\t\t<\/div>\n\t\t","protected":false},"excerpt":{"rendered":"<p>A lo largo de los \u00faltimos a\u00f1os las compras online y las tiendas f\u00edsicas se han difuminado y los clientes exigen un compromiso y permanecer a nivel tecnol\u00f3gico con las \u00faltimas novedades. Potencie e incremente el rendimiento de su negocio para dar al cliente todo aquello que nos exigen cada d\u00eda m\u00e1s. Ayudamos a los [&hellip;]<\/p>\n","protected":false},"author":1,"featured_media":0,"parent":0,"menu_order":0,"comment_status":"closed","ping_status":"closed","template":"","meta":{"_coblocks_attr":"","_coblocks_dimensions":"","_coblocks_responsive_height":"","_coblocks_accordion_ie_support":"","footnotes":""},"class_list":["post-247","page","type-page","status-publish","hentry"],"_links":{"self":[{"href":"https:\/\/www.solucionesidp.es\/index.php\/wp-json\/wp\/v2\/pages\/247","targetHints":{"allow":["GET"]}}],"collection":[{"href":"https:\/\/www.solucionesidp.es\/index.php\/wp-json\/wp\/v2\/pages"}],"about":[{"href":"https:\/\/www.solucionesidp.es\/index.php\/wp-json\/wp\/v2\/types\/page"}],"author":[{"embeddable":true,"href":"https:\/\/www.solucionesidp.es\/index.php\/wp-json\/wp\/v2\/users\/1"}],"replies":[{"embeddable":true,"href":"https:\/\/www.solucionesidp.es\/index.php\/wp-json\/wp\/v2\/comments?post=247"}],"version-history":[{"count":7,"href":"https:\/\/www.solucionesidp.es\/index.php\/wp-json\/wp\/v2\/pages\/247\/revisions"}],"predecessor-version":[{"id":446,"href":"https:\/\/www.solucionesidp.es\/index.php\/wp-json\/wp\/v2\/pages\/247\/revisions\/446"}],"wp:attachment":[{"href":"https:\/\/www.solucionesidp.es\/index.php\/wp-json\/wp\/v2\/media?parent=247"}],"curies":[{"name":"wp","href":"https:\/\/api.w.org\/{rel}","templated":true}]}}