{"id":244,"date":"2022-11-11T14:14:27","date_gmt":"2022-11-11T14:14:27","guid":{"rendered":"https:\/\/www.solucionesidp.es\/?page_id=244"},"modified":"2023-02-06T16:40:57","modified_gmt":"2023-02-06T16:40:57","slug":"catalogo","status":"publish","type":"page","link":"https:\/\/www.solucionesidp.es\/index.php\/catalogo\/","title":{"rendered":"Cat\u00e1logo"},"content":{"rendered":"\t\t<div data-elementor-type=\"wp-page\" data-elementor-id=\"244\" class=\"elementor elementor-244\">\n\t\t\t\t\t\t\t\t\t<section class=\"elementor-section elementor-top-section elementor-element elementor-element-e89a998 elementor-section-boxed elementor-section-height-default elementor-section-height-default\" data-id=\"e89a998\" data-element_type=\"section\">\n\t\t\t\t\t\t<div class=\"elementor-container elementor-column-gap-default\">\n\t\t\t\t\t<div class=\"elementor-column elementor-col-100 elementor-top-column elementor-element elementor-element-25bd744\" data-id=\"25bd744\" data-element_type=\"column\">\n\t\t\t<div class=\"elementor-widget-wrap elementor-element-populated\">\n\t\t\t\t\t\t\t\t<div class=\"elementor-element elementor-element-47a8b11 elementor-widget elementor-widget-text-editor\" data-id=\"47a8b11\" data-element_type=\"widget\" data-widget_type=\"text-editor.default\">\n\t\t\t\t<div class=\"elementor-widget-container\">\n\t\t\t<style>\/*! elementor - v3.17.0 - 08-11-2023 *\/\n.elementor-widget-text-editor.elementor-drop-cap-view-stacked .elementor-drop-cap{background-color:#69727d;color:#fff}.elementor-widget-text-editor.elementor-drop-cap-view-framed .elementor-drop-cap{color:#69727d;border:3px solid;background-color:transparent}.elementor-widget-text-editor:not(.elementor-drop-cap-view-default) .elementor-drop-cap{margin-top:8px}.elementor-widget-text-editor:not(.elementor-drop-cap-view-default) .elementor-drop-cap-letter{width:1em;height:1em}.elementor-widget-text-editor .elementor-drop-cap{float:left;text-align:center;line-height:1;font-size:50px}.elementor-widget-text-editor .elementor-drop-cap-letter{display:inline-block}<\/style>\t\t\t\t<p style=\"outline: 0px; margin-block: 0px; margin-right: 0px; margin-bottom: 20px; margin-left: 0px; letter-spacing: 0.025em; color: #333d47; line-height: 1.5; font-family: proxima-nova, Helvetica, Arial, sans-serif;\">En los tiempos que vivimos la Tecnolog\u00eda cada vez m\u00e1s aporta un papel muy importante para su negocio, para su empresa. Estar al corriente de las \u00faltimas novedades es imprescindible para no quedarte atr\u00e1s: m\u00e1s eficiencia, m\u00e1s precisi\u00f3n y m\u00e1s durabilidad.\u00a0<\/p><p style=\"outline: 0px; margin-block: 0px; margin-right: 0px; margin-bottom: 20px; margin-left: 0px; letter-spacing: 0.025em; color: #333d47; line-height: 1.5; font-family: proxima-nova, Helvetica, Arial, sans-serif;\">Nuestro objetivo es ayudarle a conseguir un resultado \u00f3ptimo y eficaz gracias a los avances.<\/p><p style=\"outline: 0px; margin-block: 0px; margin-right: 0px; margin-bottom: 20px; margin-left: 0px; letter-spacing: 0.025em; color: #333d47; line-height: 1.5; font-family: proxima-nova, Helvetica, Arial, sans-serif;\">\u00bfQuieres saber cu\u00e1l es el m\u00e1ximo rendimiento que puedes conseguir a trav\u00e9s de los diferentes productos?\u00a0<span style=\"letter-spacing: 0.025em; background-color: var(--bs-white); font-style: inherit; text-transform: inherit;\">Nosotros te explicamos y asesoramos de aqu\u00e9l producto que m\u00e1s necesita seg\u00fan su sector.<\/span><\/p>\t\t\t\t\t\t<\/div>\n\t\t\t\t<\/div>\n\t\t\t\t\t<\/div>\n\t\t<\/div>\n\t\t\t\t\t\t\t<\/div>\n\t\t<\/section>\n\t\t\t\t<section class=\"elementor-section elementor-top-section elementor-element elementor-element-b6a4124 elementor-section-boxed elementor-section-height-default elementor-section-height-default\" data-id=\"b6a4124\" data-element_type=\"section\">\n\t\t\t\t\t\t<div class=\"elementor-container elementor-column-gap-default\">\n\t\t\t\t\t<div class=\"elementor-column elementor-col-50 elementor-top-column elementor-element elementor-element-a30c818\" data-id=\"a30c818\" data-element_type=\"column\">\n\t\t\t<div class=\"elementor-widget-wrap elementor-element-populated\">\n\t\t\t\t\t\t\t\t<div class=\"elementor-element elementor-element-3040cac elementor-widget elementor-widget-image\" data-id=\"3040cac\" data-element_type=\"widget\" data-widget_type=\"image.default\">\n\t\t\t\t<div class=\"elementor-widget-container\">\n\t\t\t<style>\/*! elementor - v3.17.0 - 08-11-2023 *\/\n.elementor-widget-image{text-align:center}.elementor-widget-image a{display:inline-block}.elementor-widget-image a img[src$=\".svg\"]{width:48px}.elementor-widget-image img{vertical-align:middle;display:inline-block}<\/style>\t\t\t\t\t\t\t\t\t\t\t\t<img loading=\"lazy\" decoding=\"async\" width=\"830\" height=\"416\" src=\"https:\/\/www.solucionesidp.es\/wp-content\/uploads\/2023\/02\/Imagen.1.jpg\" class=\"attachment-large size-large wp-image-459\" alt=\"\" srcset=\"https:\/\/www.solucionesidp.es\/wp-content\/uploads\/2023\/02\/Imagen.1.jpg 830w, https:\/\/www.solucionesidp.es\/wp-content\/uploads\/2023\/02\/Imagen.1-300x150.jpg 300w, https:\/\/www.solucionesidp.es\/wp-content\/uploads\/2023\/02\/Imagen.1-768x385.jpg 768w\" sizes=\"auto, (max-width: 830px) 100vw, 830px\" \/>\t\t\t\t\t\t\t\t\t\t\t\t\t\t\t<\/div>\n\t\t\t\t<\/div>\n\t\t\t\t\t<\/div>\n\t\t<\/div>\n\t\t\t\t<div class=\"elementor-column elementor-col-50 elementor-top-column elementor-element elementor-element-e0cae0d\" data-id=\"e0cae0d\" data-element_type=\"column\">\n\t\t\t<div class=\"elementor-widget-wrap elementor-element-populated\">\n\t\t\t\t\t\t\t\t<div class=\"elementor-element elementor-element-0e7c4d2 elementor-widget elementor-widget-image\" data-id=\"0e7c4d2\" data-element_type=\"widget\" data-widget_type=\"image.default\">\n\t\t\t\t<div class=\"elementor-widget-container\">\n\t\t\t\t\t\t\t\t\t\t\t\t\t\t\t<img loading=\"lazy\" decoding=\"async\" width=\"830\" height=\"416\" src=\"https:\/\/www.solucionesidp.es\/wp-content\/uploads\/2023\/02\/Imagen.2.jpg\" class=\"attachment-large size-large wp-image-460\" alt=\"\" srcset=\"https:\/\/www.solucionesidp.es\/wp-content\/uploads\/2023\/02\/Imagen.2.jpg 830w, https:\/\/www.solucionesidp.es\/wp-content\/uploads\/2023\/02\/Imagen.2-300x150.jpg 300w, https:\/\/www.solucionesidp.es\/wp-content\/uploads\/2023\/02\/Imagen.2-768x385.jpg 768w\" sizes=\"auto, (max-width: 830px) 100vw, 830px\" \/>\t\t\t\t\t\t\t\t\t\t\t\t\t\t\t<\/div>\n\t\t\t\t<\/div>\n\t\t\t\t\t<\/div>\n\t\t<\/div>\n\t\t\t\t\t\t\t<\/div>\n\t\t<\/section>\n\t\t\t\t<section class=\"elementor-section elementor-top-section elementor-element elementor-element-98f0bcb elementor-section-boxed elementor-section-height-default elementor-section-height-default\" data-id=\"98f0bcb\" data-element_type=\"section\">\n\t\t\t\t\t\t<div class=\"elementor-container elementor-column-gap-default\">\n\t\t\t\t\t<div class=\"elementor-column elementor-col-100 elementor-top-column elementor-element elementor-element-fa8445e\" data-id=\"fa8445e\" data-element_type=\"column\">\n\t\t\t<div class=\"elementor-widget-wrap elementor-element-populated\">\n\t\t\t\t\t\t\t\t<div class=\"elementor-element elementor-element-c45cbbe elementor-widget elementor-widget-heading\" data-id=\"c45cbbe\" data-element_type=\"widget\" data-widget_type=\"heading.default\">\n\t\t\t\t<div class=\"elementor-widget-container\">\n\t\t\t<style>\/*! elementor - v3.17.0 - 08-11-2023 *\/\n.elementor-heading-title{padding:0;margin:0;line-height:1}.elementor-widget-heading .elementor-heading-title[class*=elementor-size-]>a{color:inherit;font-size:inherit;line-height:inherit}.elementor-widget-heading .elementor-heading-title.elementor-size-small{font-size:15px}.elementor-widget-heading .elementor-heading-title.elementor-size-medium{font-size:19px}.elementor-widget-heading .elementor-heading-title.elementor-size-large{font-size:29px}.elementor-widget-heading .elementor-heading-title.elementor-size-xl{font-size:39px}.elementor-widget-heading .elementor-heading-title.elementor-size-xxl{font-size:59px}<\/style><h2 class=\"elementor-heading-title elementor-size-default\">\u00bfQuieres saber cu\u00e1l es el m\u00e1ximo rendimiento que puedes conseguir a trav\u00e9s de los diferentes productos?<br>Nosotros te explicamos y asesoramos de aqu\u00e9l producto que m\u00e1s necesita seg\u00fan su sector.<\/h2>\t\t<\/div>\n\t\t\t\t<\/div>\n\t\t\t\t\t<\/div>\n\t\t<\/div>\n\t\t\t\t\t\t\t<\/div>\n\t\t<\/section>\n\t\t\t\t\t\t\t<\/div>\n\t\t","protected":false},"excerpt":{"rendered":"<p>En los tiempos que vivimos la Tecnolog\u00eda cada vez m\u00e1s aporta un papel muy importante para su negocio, para su empresa. Estar al corriente de las \u00faltimas novedades es imprescindible para no quedarte atr\u00e1s: m\u00e1s eficiencia, m\u00e1s precisi\u00f3n y m\u00e1s durabilidad.\u00a0 Nuestro objetivo es ayudarle a conseguir un resultado \u00f3ptimo y eficaz gracias a los [&hellip;]<\/p>\n","protected":false},"author":1,"featured_media":0,"parent":0,"menu_order":0,"comment_status":"closed","ping_status":"closed","template":"","meta":{"_coblocks_attr":"","_coblocks_dimensions":"","_coblocks_responsive_height":"","_coblocks_accordion_ie_support":"","footnotes":""},"class_list":["post-244","page","type-page","status-publish","hentry"],"_links":{"self":[{"href":"https:\/\/www.solucionesidp.es\/index.php\/wp-json\/wp\/v2\/pages\/244","targetHints":{"allow":["GET"]}}],"collection":[{"href":"https:\/\/www.solucionesidp.es\/index.php\/wp-json\/wp\/v2\/pages"}],"about":[{"href":"https:\/\/www.solucionesidp.es\/index.php\/wp-json\/wp\/v2\/types\/page"}],"author":[{"embeddable":true,"href":"https:\/\/www.solucionesidp.es\/index.php\/wp-json\/wp\/v2\/users\/1"}],"replies":[{"embeddable":true,"href":"https:\/\/www.solucionesidp.es\/index.php\/wp-json\/wp\/v2\/comments?post=244"}],"version-history":[{"count":4,"href":"https:\/\/www.solucionesidp.es\/index.php\/wp-json\/wp\/v2\/pages\/244\/revisions"}],"predecessor-version":[{"id":463,"href":"https:\/\/www.solucionesidp.es\/index.php\/wp-json\/wp\/v2\/pages\/244\/revisions\/463"}],"wp:attachment":[{"href":"https:\/\/www.solucionesidp.es\/index.php\/wp-json\/wp\/v2\/media?parent=244"}],"curies":[{"name":"wp","href":"https:\/\/api.w.org\/{rel}","templated":true}]}}