{"id":243,"date":"2022-11-11T14:14:27","date_gmt":"2022-11-11T14:14:27","guid":{"rendered":"https:\/\/www.solucionesidp.es\/?page_id=243"},"modified":"2023-01-20T11:10:10","modified_gmt":"2023-01-20T11:10:10","slug":"soluciones","status":"publish","type":"page","link":"https:\/\/www.solucionesidp.es\/index.php\/soluciones\/","title":{"rendered":"Soluciones"},"content":{"rendered":"\t\t<div data-elementor-type=\"wp-page\" data-elementor-id=\"243\" class=\"elementor elementor-243\">\n\t\t\t\t\t\t\t\t\t<section class=\"elementor-section elementor-top-section elementor-element elementor-element-7049c97 elementor-section-boxed elementor-section-height-default elementor-section-height-default\" data-id=\"7049c97\" data-element_type=\"section\">\n\t\t\t\t\t\t<div class=\"elementor-container elementor-column-gap-default\">\n\t\t\t\t\t<div class=\"elementor-column elementor-col-100 elementor-top-column elementor-element elementor-element-0afb438\" data-id=\"0afb438\" data-element_type=\"column\">\n\t\t\t<div class=\"elementor-widget-wrap elementor-element-populated\">\n\t\t\t\t\t\t\t\t<div class=\"elementor-element elementor-element-3f2af41 elementor-widget elementor-widget-text-editor\" data-id=\"3f2af41\" data-element_type=\"widget\" data-widget_type=\"text-editor.default\">\n\t\t\t\t<div class=\"elementor-widget-container\">\n\t\t\t<style>\/*! elementor - v3.17.0 - 08-11-2023 *\/\n.elementor-widget-text-editor.elementor-drop-cap-view-stacked .elementor-drop-cap{background-color:#69727d;color:#fff}.elementor-widget-text-editor.elementor-drop-cap-view-framed .elementor-drop-cap{color:#69727d;border:3px solid;background-color:transparent}.elementor-widget-text-editor:not(.elementor-drop-cap-view-default) .elementor-drop-cap{margin-top:8px}.elementor-widget-text-editor:not(.elementor-drop-cap-view-default) .elementor-drop-cap-letter{width:1em;height:1em}.elementor-widget-text-editor .elementor-drop-cap{float:left;text-align:center;line-height:1;font-size:50px}.elementor-widget-text-editor .elementor-drop-cap-letter{display:inline-block}<\/style>\t\t\t\t<p class=\"p1\">Somos una empresa dedicada a la\u00a0<b>tecnolog\u00eda de c\u00f3digo de barras<\/b>\u00a0y\u00a0<b>soluciones de impresi\u00f3n<\/b>\u00a0de etiquetas autoadhesivas.<\/p><p class=\"p1\">Somos representante y distribuidores de prestigiosas marcas de nivel internacional, comercializando todo tipo de tecnolog\u00eda aplicada al c\u00f3digo de barras, ya sea en sistemas de impresi\u00f3n , codificaci\u00f3n, lectores de c\u00f3digo de barras, etiquetas y consumibles (ribbons).<\/p><p class=\"p1\">Gestionamos la informaci\u00f3n de manera eficaz y segura para asegurar su productividad de la manera m\u00e1s fiable.<\/p><p class=\"p1\">Integramos la tecnolog\u00eda de identificaci\u00f3n autom\u00e1tica con soluciones de hardware, etiquetamos identificadores con productos y recopilamos datos en sistemas inform\u00e1ticos para su procesamiento.<\/p>\t\t\t\t\t\t<\/div>\n\t\t\t\t<\/div>\n\t\t\t\t\t<\/div>\n\t\t<\/div>\n\t\t\t\t\t\t\t<\/div>\n\t\t<\/section>\n\t\t\t\t<section class=\"elementor-section elementor-top-section elementor-element elementor-element-2354f57 elementor-section-boxed elementor-section-height-default elementor-section-height-default\" data-id=\"2354f57\" data-element_type=\"section\">\n\t\t\t\t\t\t<div class=\"elementor-container elementor-column-gap-default\">\n\t\t\t\t\t<div class=\"elementor-column elementor-col-50 elementor-top-column elementor-element elementor-element-a9d67b6\" data-id=\"a9d67b6\" data-element_type=\"column\">\n\t\t\t<div class=\"elementor-widget-wrap elementor-element-populated\">\n\t\t\t\t\t\t\t\t<div class=\"elementor-element elementor-element-0390f0c elementor-widget elementor-widget-image\" data-id=\"0390f0c\" data-element_type=\"widget\" data-widget_type=\"image.default\">\n\t\t\t\t<div class=\"elementor-widget-container\">\n\t\t\t<style>\/*! elementor - v3.17.0 - 08-11-2023 *\/\n.elementor-widget-image{text-align:center}.elementor-widget-image a{display:inline-block}.elementor-widget-image a img[src$=\".svg\"]{width:48px}.elementor-widget-image img{vertical-align:middle;display:inline-block}<\/style>\t\t\t\t\t\t\t\t\t\t\t\t<img loading=\"lazy\" decoding=\"async\" width=\"850\" height=\"478\" src=\"https:\/\/www.solucionesidp.es\/wp-content\/uploads\/2022\/11\/Imagen-2.jpg\" class=\"attachment-large size-large wp-image-343\" alt=\"\" srcset=\"https:\/\/www.solucionesidp.es\/wp-content\/uploads\/2022\/11\/Imagen-2.jpg 850w, https:\/\/www.solucionesidp.es\/wp-content\/uploads\/2022\/11\/Imagen-2-300x169.jpg 300w, https:\/\/www.solucionesidp.es\/wp-content\/uploads\/2022\/11\/Imagen-2-768x432.jpg 768w, https:\/\/www.solucionesidp.es\/wp-content\/uploads\/2022\/11\/Imagen-2-230x129.jpg 230w, https:\/\/www.solucionesidp.es\/wp-content\/uploads\/2022\/11\/Imagen-2-350x197.jpg 350w, https:\/\/www.solucionesidp.es\/wp-content\/uploads\/2022\/11\/Imagen-2-480x270.jpg 480w\" sizes=\"auto, (max-width: 850px) 100vw, 850px\" \/>\t\t\t\t\t\t\t\t\t\t\t\t\t\t\t<\/div>\n\t\t\t\t<\/div>\n\t\t\t\t\t<\/div>\n\t\t<\/div>\n\t\t\t\t<div class=\"elementor-column elementor-col-50 elementor-top-column elementor-element elementor-element-fc8eacf\" data-id=\"fc8eacf\" data-element_type=\"column\">\n\t\t\t<div class=\"elementor-widget-wrap elementor-element-populated\">\n\t\t\t\t\t\t\t\t<div class=\"elementor-element elementor-element-95210aa elementor-widget elementor-widget-image\" data-id=\"95210aa\" data-element_type=\"widget\" data-widget_type=\"image.default\">\n\t\t\t\t<div class=\"elementor-widget-container\">\n\t\t\t\t\t\t\t\t\t\t\t\t\t\t\t<img loading=\"lazy\" decoding=\"async\" width=\"1024\" height=\"591\" src=\"https:\/\/www.solucionesidp.es\/wp-content\/uploads\/2023\/01\/cropped-Imagen-inicio-1024x591.jpg\" class=\"attachment-large size-large wp-image-332\" alt=\"\" srcset=\"https:\/\/www.solucionesidp.es\/wp-content\/uploads\/2023\/01\/cropped-Imagen-inicio-1024x591.jpg 1024w, https:\/\/www.solucionesidp.es\/wp-content\/uploads\/2023\/01\/cropped-Imagen-inicio-300x173.jpg 300w, https:\/\/www.solucionesidp.es\/wp-content\/uploads\/2023\/01\/cropped-Imagen-inicio-768x444.jpg 768w, https:\/\/www.solucionesidp.es\/wp-content\/uploads\/2023\/01\/cropped-Imagen-inicio-1536x887.jpg 1536w, https:\/\/www.solucionesidp.es\/wp-content\/uploads\/2023\/01\/cropped-Imagen-inicio-1000x578.jpg 1000w, https:\/\/www.solucionesidp.es\/wp-content\/uploads\/2023\/01\/cropped-Imagen-inicio-230x133.jpg 230w, https:\/\/www.solucionesidp.es\/wp-content\/uploads\/2023\/01\/cropped-Imagen-inicio-350x202.jpg 350w, https:\/\/www.solucionesidp.es\/wp-content\/uploads\/2023\/01\/cropped-Imagen-inicio-480x277.jpg 480w, https:\/\/www.solucionesidp.es\/wp-content\/uploads\/2023\/01\/cropped-Imagen-inicio.jpg 1920w\" sizes=\"auto, (max-width: 1024px) 100vw, 1024px\" \/>\t\t\t\t\t\t\t\t\t\t\t\t\t\t\t<\/div>\n\t\t\t\t<\/div>\n\t\t\t\t\t<\/div>\n\t\t<\/div>\n\t\t\t\t\t\t\t<\/div>\n\t\t<\/section>\n\t\t\t\t\t\t\t<\/div>\n\t\t","protected":false},"excerpt":{"rendered":"<p>Somos una empresa dedicada a la\u00a0tecnolog\u00eda de c\u00f3digo de barras\u00a0y\u00a0soluciones de impresi\u00f3n\u00a0de etiquetas autoadhesivas. Somos representante y distribuidores de prestigiosas marcas de nivel internacional, comercializando todo tipo de tecnolog\u00eda aplicada al c\u00f3digo de barras, ya sea en sistemas de impresi\u00f3n , codificaci\u00f3n, lectores de c\u00f3digo de barras, etiquetas y consumibles (ribbons). Gestionamos la informaci\u00f3n de [&hellip;]<\/p>\n","protected":false},"author":1,"featured_media":0,"parent":0,"menu_order":0,"comment_status":"closed","ping_status":"closed","template":"","meta":{"_coblocks_attr":"","_coblocks_dimensions":"","_coblocks_responsive_height":"","_coblocks_accordion_ie_support":"","footnotes":""},"class_list":["post-243","page","type-page","status-publish","hentry"],"_links":{"self":[{"href":"https:\/\/www.solucionesidp.es\/index.php\/wp-json\/wp\/v2\/pages\/243","targetHints":{"allow":["GET"]}}],"collection":[{"href":"https:\/\/www.solucionesidp.es\/index.php\/wp-json\/wp\/v2\/pages"}],"about":[{"href":"https:\/\/www.solucionesidp.es\/index.php\/wp-json\/wp\/v2\/types\/page"}],"author":[{"embeddable":true,"href":"https:\/\/www.solucionesidp.es\/index.php\/wp-json\/wp\/v2\/users\/1"}],"replies":[{"embeddable":true,"href":"https:\/\/www.solucionesidp.es\/index.php\/wp-json\/wp\/v2\/comments?post=243"}],"version-history":[{"count":4,"href":"https:\/\/www.solucionesidp.es\/index.php\/wp-json\/wp\/v2\/pages\/243\/revisions"}],"predecessor-version":[{"id":424,"href":"https:\/\/www.solucionesidp.es\/index.php\/wp-json\/wp\/v2\/pages\/243\/revisions\/424"}],"wp:attachment":[{"href":"https:\/\/www.solucionesidp.es\/index.php\/wp-json\/wp\/v2\/media?parent=243"}],"curies":[{"name":"wp","href":"https:\/\/api.w.org\/{rel}","templated":true}]}}